{"id":309,"date":"2020-01-13T11:17:52","date_gmt":"2020-01-13T11:17:52","guid":{"rendered":"https:\/\/demosites.io\/web-agency-gb\/?page_id=5"},"modified":"2025-09-18T04:57:14","modified_gmt":"2025-09-18T04:57:14","slug":"accueil","status":"publish","type":"page","link":"https:\/\/lesdeuxetincelles.com\/","title":{"rendered":"Accueil"},"content":{"rendered":"\n<div class=\"wp-block-cover alignfull is-light wp-duotone-unset-1\" style=\"min-height:100vh;aspect-ratio:unset;\"><img loading=\"lazy\" decoding=\"async\" width=\"1024\" height=\"683\" class=\"wp-block-cover__image-background wp-image-371 size-large\" alt=\"\" src=\"https:\/\/lesdeuxetincelles.com\/wp-content\/uploads\/2025\/09\/ChatGPT-Image-17-sept.-2025-17_48_43-1024x683.png\" data-object-fit=\"cover\" srcset=\"https:\/\/lesdeuxetincelles.com\/wp-content\/uploads\/2025\/09\/ChatGPT-Image-17-sept.-2025-17_48_43-1024x683.png 1024w, https:\/\/lesdeuxetincelles.com\/wp-content\/uploads\/2025\/09\/ChatGPT-Image-17-sept.-2025-17_48_43-300x200.png 300w, https:\/\/lesdeuxetincelles.com\/wp-content\/uploads\/2025\/09\/ChatGPT-Image-17-sept.-2025-17_48_43-768x512.png 768w, https:\/\/lesdeuxetincelles.com\/wp-content\/uploads\/2025\/09\/ChatGPT-Image-17-sept.-2025-17_48_43-930x620.png 930w, https:\/\/lesdeuxetincelles.com\/wp-content\/uploads\/2025\/09\/ChatGPT-Image-17-sept.-2025-17_48_43.png 1536w\" sizes=\"auto, (max-width: 1024px) 100vw, 1024px\" \/><span aria-hidden=\"true\" class=\"wp-block-cover__background has-background-dim-60 has-background-dim\" style=\"background-color:#b5b6b2\"><\/span><div class=\"wp-block-cover__inner-container is-layout-flow wp-block-cover-is-layout-flow\">\n<h1 class=\"wp-block-heading has-text-align-center has-text-color\" style=\"color:#121212\">M\u00e9nage r\u00e9sidentiel et commercial \u00e0 Vaudreuil, Valleyfield et les alentours<\/h1>\n\n\n\n<p class=\"has-text-align-center has-text-color\" style=\"color:#121212\"><strong>Un service fiable, professionnel et abordable pour garder vos maisons et vos entreprises impeccables. Nous nous occupons du nettoyage, vous profitez de la tranquillit\u00e9.<\/strong><\/p>\n\n\n\n<div class=\"wp-block-buttons is-horizontal is-content-justification-center is-layout-flex wp-container-core-buttons-is-layout-499968f5 wp-block-buttons-is-layout-flex\">\n<div class=\"wp-block-button is-style-primary\"><a class=\"wp-block-button__link wp-element-button\" href=\"https:\/\/lesdeuxetincelles.com\/index.php\/services\/\">D\u00e9couvrir nos services<\/a><\/div>\n\n\n\n<div class=\"wp-block-button is-style-secondary\"><a class=\"wp-block-button__link wp-element-button\" href=\"https:\/\/lesdeuxetincelles.com\/index.php\/contact\/\">Demander un devis gratuit<\/a><\/div>\n<\/div>\n<\/div><\/div>\n\n\n\n<div style=\"height:80px\" aria-hidden=\"true\" class=\"wp-block-spacer\"><\/div>\n\n\n\n<div class=\"wp-block-columns is-layout-flex wp-container-core-columns-is-layout-9d6595d7 wp-block-columns-is-layout-flex\">\n<div class=\"wp-block-column is-layout-flow wp-block-column-is-layout-flow\"><div class=\"wp-block-image icon-style is-style-rounded\">\n<figure class=\"aligncenter size-large\"><img loading=\"lazy\" decoding=\"async\" width=\"72\" height=\"72\" src=\"http:\/\/lesdeuxetincelles.com\/wp-content\/uploads\/2020\/01\/neve-webdesign-GB-03.png\" alt=\"\" class=\"wp-image-20\" title=\"\"\/><\/figure>\n<\/div>\n\n\n<div style=\"height:20px\" aria-hidden=\"true\" class=\"wp-block-spacer\"><\/div>\n\n\n\n<h3 class=\"wp-block-heading has-text-align-center has-neve-text-color-color has-text-color\">Fiabilit\u00e9 garantie<\/h3>\n\n\n\n<p class=\"has-text-align-center\">Nos \u00e9quipes respectent vos horaires et vos attentes. Vous pouvez compter sur un service ponctuel et constant.<\/p>\n\n\n\n<div style=\"height:20px\" aria-hidden=\"true\" class=\"wp-block-spacer\"><\/div>\n<\/div>\n\n\n\n<div class=\"wp-block-column is-layout-flow wp-block-column-is-layout-flow\"><div class=\"wp-block-image icon-style is-style-rounded\">\n<figure class=\"aligncenter size-large\"><img loading=\"lazy\" decoding=\"async\" width=\"72\" height=\"72\" src=\"http:\/\/lesdeuxetincelles.com\/wp-content\/uploads\/2020\/01\/neve-webdesign-GB-04.png\" alt=\"\" class=\"wp-image-21\"\/><\/figure>\n<\/div>\n\n\n<div style=\"height:20px\" aria-hidden=\"true\" class=\"wp-block-spacer\"><\/div>\n\n\n\n<h3 class=\"wp-block-heading has-text-align-center has-neve-text-color-color has-text-color\">Nettoyage complet et professionnel<\/h3>\n\n\n\n<p class=\"has-text-align-center\">Que ce soit pour vos bureaux ou votre maison, nous utilisons des produits efficaces et s\u00e9curitaires pour un r\u00e9sultat impeccable.<\/p>\n\n\n\n<div style=\"height:20px\" aria-hidden=\"true\" class=\"wp-block-spacer\"><\/div>\n<\/div>\n\n\n\n<div class=\"wp-block-column is-layout-flow wp-block-column-is-layout-flow\"><div class=\"wp-block-image icon-style is-style-rounded\">\n<figure class=\"aligncenter size-large\"><img loading=\"lazy\" decoding=\"async\" width=\"72\" height=\"72\" src=\"http:\/\/lesdeuxetincelles.com\/wp-content\/uploads\/2020\/01\/neve-webdesign-GB-01.png\" alt=\"\" class=\"wp-image-18\"\/><\/figure>\n<\/div>\n\n\n<div style=\"height:20px\" aria-hidden=\"true\" class=\"wp-block-spacer\"><\/div>\n\n\n\n<h3 class=\"wp-block-heading has-text-align-center has-neve-text-color-color has-text-color\">Prix comp\u00e9titifs et transparents<\/h3>\n\n\n\n<p class=\"has-text-align-center\">Pas de mauvaises surprises : nous offrons des tarifs clairs et adapt\u00e9s \u00e0 vos besoins.<\/p>\n\n\n\n<div style=\"height:20px\" aria-hidden=\"true\" class=\"wp-block-spacer\"><\/div>\n<\/div>\n<\/div>\n\n\n\n<div style=\"height:80px\" aria-hidden=\"true\" class=\"wp-block-spacer\"><\/div>\n\n\n\n<div class=\"wp-block-cover alignfull\" style=\"min-height:600px;aspect-ratio:unset;\"><span aria-hidden=\"true\" class=\"wp-block-cover__background has-nv-light-bg-background-color has-background-dim-100 has-background-dim\"><\/span><div class=\"wp-block-cover__inner-container is-layout-flow wp-block-cover-is-layout-flow\">\n<div class=\"wp-block-group\"><div class=\"wp-block-group__inner-container is-layout-flow wp-block-group-is-layout-flow\">\n<div style=\"height:80px\" aria-hidden=\"true\" class=\"wp-block-spacer\"><\/div>\n\n\n\n<div class=\"wp-block-columns are-vertically-aligned-center is-layout-flex wp-container-core-columns-is-layout-9d6595d7 wp-block-columns-is-layout-flex\">\n<div class=\"wp-block-column is-vertically-aligned-center is-layout-flow wp-block-column-is-layout-flow\" style=\"flex-basis:50%\">\n<figure class=\"wp-block-image size-large\"><img loading=\"lazy\" decoding=\"async\" width=\"1024\" height=\"683\" src=\"https:\/\/lesdeuxetincelles.com\/wp-content\/uploads\/2025\/09\/ChatGPT-Image-17-sept.-2025-17_58_17-1024x683.png\" alt=\"\" class=\"wp-image-372\" srcset=\"https:\/\/lesdeuxetincelles.com\/wp-content\/uploads\/2025\/09\/ChatGPT-Image-17-sept.-2025-17_58_17-1024x683.png 1024w, https:\/\/lesdeuxetincelles.com\/wp-content\/uploads\/2025\/09\/ChatGPT-Image-17-sept.-2025-17_58_17-300x200.png 300w, https:\/\/lesdeuxetincelles.com\/wp-content\/uploads\/2025\/09\/ChatGPT-Image-17-sept.-2025-17_58_17-768x512.png 768w, https:\/\/lesdeuxetincelles.com\/wp-content\/uploads\/2025\/09\/ChatGPT-Image-17-sept.-2025-17_58_17-930x620.png 930w, https:\/\/lesdeuxetincelles.com\/wp-content\/uploads\/2025\/09\/ChatGPT-Image-17-sept.-2025-17_58_17.png 1536w\" sizes=\"auto, (max-width: 1024px) 100vw, 1024px\" \/><\/figure>\n<\/div>\n\n\n\n<div class=\"wp-block-column is-vertically-aligned-center is-layout-flow wp-block-column-is-layout-flow\" style=\"flex-basis:50%\">\n<div style=\"height:20px\" aria-hidden=\"true\" class=\"wp-block-spacer\"><\/div>\n\n\n\n<h2 class=\"wp-block-heading has-text-align-left has-neve-text-color-color has-text-color\">M\u00e9nage r\u00e9sidentiel et commercial<\/h2>\n\n\n\n<p class=\"has-text-align-left has-neve-text-color-color has-text-color\" style=\"font-size:17px\">Nous offrons des services de nettoyage complets, fiables et adapt\u00e9s \u00e0 vos besoins. Que ce soit pour votre maison, vos bureaux ou vos commerces, notre \u00e9quipe veille \u00e0 ce que chaque espace soit impeccable et accueillant.<\/p>\n\n\n\n<div class=\"wp-block-buttons is-horizontal is-content-justification-left is-layout-flex wp-container-core-buttons-is-layout-7e5fce0a wp-block-buttons-is-layout-flex\">\n<div class=\"wp-block-button is-style-primary\"><a class=\"wp-block-button__link wp-element-button\" href=\"https:\/\/lesdeuxetincelles.com\/index.php\/propos\/\">En savoir plus<\/a><\/div>\n<\/div>\n<\/div>\n<\/div>\n\n\n\n<div style=\"height:40px\" aria-hidden=\"true\" class=\"wp-block-spacer\"><\/div>\n<\/div><\/div>\n<\/div><\/div>\n\n\n\n<div class=\"wp-block-cover alignfull\" style=\"min-height:600px;aspect-ratio:unset;\"><span aria-hidden=\"true\" class=\"wp-block-cover__background has-nv-site-bg-background-color has-background-dim-100 has-background-dim\"><\/span><div class=\"wp-block-cover__inner-container is-layout-flow wp-block-cover-is-layout-flow\">\n<div class=\"wp-block-group\"><div class=\"wp-block-group__inner-container is-layout-flow wp-block-group-is-layout-flow\">\n<div style=\"height:80px\" aria-hidden=\"true\" class=\"wp-block-spacer\"><\/div>\n\n\n\n<div class=\"wp-block-columns are-vertically-aligned-center is-layout-flex wp-container-core-columns-is-layout-9d6595d7 wp-block-columns-is-layout-flex\">\n<div class=\"wp-block-column is-vertically-aligned-center is-layout-flow wp-block-column-is-layout-flow\" style=\"flex-basis:50%\">\n<h2 class=\"wp-block-heading has-text-align-left has-neve-text-color-color has-text-color\">Nos services de nettoyage<\/h2>\n\n\n\n<p class=\"has-text-align-left has-neve-text-color-color has-text-color\" style=\"font-size:17px\">De votre maison \u00e0 votre entreprise, nous offrons un service de nettoyage complet, fiable et abordable. Que ce soit pour un entretien r\u00e9gulier ou un grand m\u00e9nage, notre \u00e9quipe s\u2019assure que chaque espace soit impeccable.<\/p>\n\n\n\n<div class=\"wp-block-buttons is-horizontal is-content-justification-left is-layout-flex wp-container-core-buttons-is-layout-7e5fce0a wp-block-buttons-is-layout-flex\">\n<div class=\"wp-block-button is-style-primary\"><a class=\"wp-block-button__link wp-element-button\" href=\"https:\/\/lesdeuxetincelles.com\/index.php\/services\/\">Voir nos services<\/a><\/div>\n<\/div>\n\n\n\n<div style=\"height:40px\" aria-hidden=\"true\" class=\"wp-block-spacer\"><\/div>\n<\/div>\n\n\n\n<div class=\"wp-block-column is-vertically-aligned-center is-layout-flow wp-block-column-is-layout-flow\" style=\"flex-basis:50%\">\n<figure class=\"wp-block-image size-large\"><img loading=\"lazy\" decoding=\"async\" width=\"1024\" height=\"683\" src=\"https:\/\/lesdeuxetincelles.com\/wp-content\/uploads\/2025\/09\/ChatGPT-Image-17-sept.-2025-18_07_10-1024x683.png\" alt=\"\" class=\"wp-image-373\" srcset=\"https:\/\/lesdeuxetincelles.com\/wp-content\/uploads\/2025\/09\/ChatGPT-Image-17-sept.-2025-18_07_10-1024x683.png 1024w, https:\/\/lesdeuxetincelles.com\/wp-content\/uploads\/2025\/09\/ChatGPT-Image-17-sept.-2025-18_07_10-300x200.png 300w, https:\/\/lesdeuxetincelles.com\/wp-content\/uploads\/2025\/09\/ChatGPT-Image-17-sept.-2025-18_07_10-768x512.png 768w, https:\/\/lesdeuxetincelles.com\/wp-content\/uploads\/2025\/09\/ChatGPT-Image-17-sept.-2025-18_07_10-930x620.png 930w, https:\/\/lesdeuxetincelles.com\/wp-content\/uploads\/2025\/09\/ChatGPT-Image-17-sept.-2025-18_07_10.png 1536w\" sizes=\"auto, (max-width: 1024px) 100vw, 1024px\" \/><\/figure>\n<\/div>\n<\/div>\n\n\n\n<div style=\"height:40px\" aria-hidden=\"true\" class=\"wp-block-spacer\"><\/div>\n<\/div><\/div>\n<\/div><\/div>\n\n\n\n<div class=\"wp-block-cover alignfull\" style=\"min-height:600px;aspect-ratio:unset;\"><span aria-hidden=\"true\" class=\"wp-block-cover__background has-nv-dark-bg-background-color has-background-dim-100 has-background-dim\"><\/span><div class=\"wp-block-cover__inner-container is-layout-flow wp-block-cover-is-layout-flow\">\n<div class=\"wp-block-group\"><div class=\"wp-block-group__inner-container is-layout-flow wp-block-group-is-layout-flow\">\n<div style=\"height:80px\" aria-hidden=\"true\" class=\"wp-block-spacer\"><\/div>\n\n\n\n<div class=\"wp-block-columns are-vertically-aligned-center is-layout-flex wp-container-core-columns-is-layout-9d6595d7 wp-block-columns-is-layout-flex\">\n<div class=\"wp-block-column is-vertically-aligned-center is-layout-flow wp-block-column-is-layout-flow\" style=\"flex-basis:50%\">\n<figure class=\"wp-block-image size-large\"><img loading=\"lazy\" decoding=\"async\" width=\"1024\" height=\"683\" src=\"https:\/\/lesdeuxetincelles.com\/wp-content\/uploads\/2025\/09\/ChatGPT-Image-17-sept.-2025-18_23_14-1024x683.png\" alt=\"\" class=\"wp-image-378\" srcset=\"https:\/\/lesdeuxetincelles.com\/wp-content\/uploads\/2025\/09\/ChatGPT-Image-17-sept.-2025-18_23_14-1024x683.png 1024w, https:\/\/lesdeuxetincelles.com\/wp-content\/uploads\/2025\/09\/ChatGPT-Image-17-sept.-2025-18_23_14-300x200.png 300w, https:\/\/lesdeuxetincelles.com\/wp-content\/uploads\/2025\/09\/ChatGPT-Image-17-sept.-2025-18_23_14-768x512.png 768w, https:\/\/lesdeuxetincelles.com\/wp-content\/uploads\/2025\/09\/ChatGPT-Image-17-sept.-2025-18_23_14-930x620.png 930w, https:\/\/lesdeuxetincelles.com\/wp-content\/uploads\/2025\/09\/ChatGPT-Image-17-sept.-2025-18_23_14.png 1536w\" sizes=\"auto, (max-width: 1024px) 100vw, 1024px\" \/><\/figure>\n<\/div>\n\n\n\n<div class=\"wp-block-column is-vertically-aligned-center is-layout-flow wp-block-column-is-layout-flow\" style=\"flex-basis:50%\">\n<h2 class=\"wp-block-heading has-text-align-left has-nv-text-dark-bg-color has-text-color\">Nos valeurs<\/h2>\n\n\n\n<p class=\"has-nv-text-dark-bg-color has-text-color has-link-color wp-elements-8fe2e95e6068c8d8fa750a2cf3d74a84\">\u2728 <strong>Fiabilit\u00e9 et excellence<\/strong><br>Nous offrons un service constant, rigoureux et de haute qualit\u00e9, que ce soit \u00e0 domicile ou en entreprise.<\/p>\n\n\n\n<p class=\"has-text-align-left has-nv-text-dark-bg-color has-text-color\" style=\"font-size:17px\">\u2728 <strong>Respect et confiance<\/strong><br>Nous traitons vos espaces comme s\u2019ils \u00e9taient les n\u00f4tres, avec le plus grand respect.<\/p>\n\n\n\n<p><mark style=\"background-color:rgba(0, 0, 0, 0)\" class=\"has-inline-color has-nv-site-bg-color\">\u2728 <strong>Souci du d\u00e9tail<\/strong><br>Chaque Recoin compte. Nous visons la perfection \u00e0 chaque visite.<\/mark><\/p>\n\n\n\n<p><\/p>\n\n\n\n<p><\/p>\n<\/div>\n<\/div>\n\n\n\n<div style=\"height:50px\" aria-hidden=\"true\" class=\"wp-block-spacer\"><\/div>\n<\/div><\/div>\n<\/div><\/div>\n\n\n\n<div class=\"wp-block-cover alignfull\" style=\"min-height:600px;aspect-ratio:unset;\"><span aria-hidden=\"true\" class=\"wp-block-cover__background has-nv-site-bg-background-color has-background-dim-100 has-background-dim\"><\/span><div class=\"wp-block-cover__inner-container is-layout-flow wp-block-cover-is-layout-flow\">\n<div class=\"wp-block-group\"><div class=\"wp-block-group__inner-container is-layout-flow wp-block-group-is-layout-flow\">\n<div style=\"height:80px\" aria-hidden=\"true\" class=\"wp-block-spacer\"><\/div>\n\n\n\n<h2 class=\"wp-block-heading has-neve-text-color-color has-text-color\">Nos r\u00e9alisations<\/h2>\n\n\n\n<div style=\"height:20px\" aria-hidden=\"true\" class=\"wp-block-spacer\"><\/div>\n\n\n\n<div class=\"wp-block-columns are-vertically-aligned-center is-layout-flex wp-container-core-columns-is-layout-9d6595d7 wp-block-columns-is-layout-flex\">\n<div class=\"wp-block-column is-vertically-aligned-center is-layout-flow wp-block-column-is-layout-flow\" style=\"flex-basis:50%\">\n<figure class=\"wp-block-image size-large\"><img loading=\"lazy\" decoding=\"async\" width=\"1024\" height=\"683\" src=\"https:\/\/lesdeuxetincelles.com\/wp-content\/uploads\/2025\/09\/ChatGPT-Image-17-sept.-2025-18_27_31-1024x683.png\" alt=\"\" class=\"wp-image-381\" srcset=\"https:\/\/lesdeuxetincelles.com\/wp-content\/uploads\/2025\/09\/ChatGPT-Image-17-sept.-2025-18_27_31-1024x683.png 1024w, https:\/\/lesdeuxetincelles.com\/wp-content\/uploads\/2025\/09\/ChatGPT-Image-17-sept.-2025-18_27_31-300x200.png 300w, https:\/\/lesdeuxetincelles.com\/wp-content\/uploads\/2025\/09\/ChatGPT-Image-17-sept.-2025-18_27_31-768x512.png 768w, https:\/\/lesdeuxetincelles.com\/wp-content\/uploads\/2025\/09\/ChatGPT-Image-17-sept.-2025-18_27_31-930x620.png 930w, https:\/\/lesdeuxetincelles.com\/wp-content\/uploads\/2025\/09\/ChatGPT-Image-17-sept.-2025-18_27_31.png 1536w\" sizes=\"auto, (max-width: 1024px) 100vw, 1024px\" \/><\/figure>\n\n\n\n<div style=\"height:40px\" aria-hidden=\"true\" class=\"wp-block-spacer\"><\/div>\n<\/div>\n\n\n\n<div class=\"wp-block-column is-vertically-aligned-center is-layout-flow wp-block-column-is-layout-flow\" style=\"flex-basis:50%\">\n<figure class=\"wp-block-image size-full\"><img loading=\"lazy\" decoding=\"async\" width=\"1024\" height=\"1024\" src=\"https:\/\/lesdeuxetincelles.com\/wp-content\/uploads\/2025\/09\/ChatGPT-Image-17-sept.-2025-18_33_44.png\" alt=\"\" class=\"wp-image-384\" srcset=\"https:\/\/lesdeuxetincelles.com\/wp-content\/uploads\/2025\/09\/ChatGPT-Image-17-sept.-2025-18_33_44.png 1024w, https:\/\/lesdeuxetincelles.com\/wp-content\/uploads\/2025\/09\/ChatGPT-Image-17-sept.-2025-18_33_44-300x300.png 300w, https:\/\/lesdeuxetincelles.com\/wp-content\/uploads\/2025\/09\/ChatGPT-Image-17-sept.-2025-18_33_44-150x150.png 150w, https:\/\/lesdeuxetincelles.com\/wp-content\/uploads\/2025\/09\/ChatGPT-Image-17-sept.-2025-18_33_44-768x768.png 768w\" sizes=\"auto, (max-width: 1024px) 100vw, 1024px\" \/><\/figure>\n\n\n\n<div style=\"height:40px\" aria-hidden=\"true\" class=\"wp-block-spacer\"><\/div>\n<\/div>\n<\/div>\n\n\n\n<div style=\"height:40px\" aria-hidden=\"true\" class=\"wp-block-spacer\"><\/div>\n<\/div><\/div>\n<\/div><\/div>\n\n\n\n<div class=\"wp-block-cover alignfull\" style=\"min-height:420px;aspect-ratio:unset;\"><span aria-hidden=\"true\" class=\"wp-block-cover__background has-nv-light-bg-background-color has-background-dim-100 has-background-dim\"><\/span><div class=\"wp-block-cover__inner-container is-layout-flow wp-block-cover-is-layout-flow\">\n<div style=\"height:80px\" aria-hidden=\"true\" class=\"wp-block-spacer\"><\/div>\n\n\n\n<div class=\"wp-block-columns is-layout-flex wp-container-core-columns-is-layout-9d6595d7 wp-block-columns-is-layout-flex\">\n<div class=\"wp-block-column ticss-4ce656f1 is-layout-flow wp-block-column-is-layout-flow\">\n<figure class=\"wp-block-image size-large is-resized is-style-rounded\"><img loading=\"lazy\" decoding=\"async\" width=\"683\" height=\"683\" src=\"https:\/\/lesdeuxetincelles.com\/wp-content\/uploads\/2025\/09\/ChatGPT-Image-17-sept.-2025-18_54_51-Copie-edited.png\" alt=\"\" class=\"wp-image-389\" style=\"width:80px;height:80px\" srcset=\"https:\/\/lesdeuxetincelles.com\/wp-content\/uploads\/2025\/09\/ChatGPT-Image-17-sept.-2025-18_54_51-Copie-edited.png 683w, https:\/\/lesdeuxetincelles.com\/wp-content\/uploads\/2025\/09\/ChatGPT-Image-17-sept.-2025-18_54_51-Copie-edited-300x300.png 300w, https:\/\/lesdeuxetincelles.com\/wp-content\/uploads\/2025\/09\/ChatGPT-Image-17-sept.-2025-18_54_51-Copie-edited-150x150.png 150w\" sizes=\"auto, (max-width: 683px) 100vw, 683px\" \/><\/figure>\n\n\n\n<div style=\"height:24px\" aria-hidden=\"true\" class=\"wp-block-spacer\"><\/div>\n\n\n\n<p class=\"has-text-align-left has-neve-text-color-color has-text-color\">&#8220;Service impeccable ! Ma maison n\u2019a jamais \u00e9t\u00e9 aussi propre. L\u2019\u00e9quipe est ponctuelle, professionnelle et efficace.&#8221;<\/p>\n\n\n\n<p class=\"has-neve-text-color-color has-text-color\"><strong>Marie Tremblay<\/strong><\/p>\n\n\n\n<div style=\"height:20px\" aria-hidden=\"true\" class=\"wp-block-spacer\"><\/div>\n<\/div>\n\n\n\n<div class=\"wp-block-column ticss-f6fc7494 is-layout-flow wp-block-column-is-layout-flow\">\n<figure class=\"wp-block-image size-full is-resized is-style-rounded\"><img loading=\"lazy\" decoding=\"async\" width=\"1024\" height=\"1024\" src=\"https:\/\/lesdeuxetincelles.com\/wp-content\/uploads\/2025\/09\/ChatGPT-Image-17-sept.-2025-18_50_00.png\" alt=\"\" class=\"wp-image-386\" style=\"width:80px;height:80px\" srcset=\"https:\/\/lesdeuxetincelles.com\/wp-content\/uploads\/2025\/09\/ChatGPT-Image-17-sept.-2025-18_50_00.png 1024w, https:\/\/lesdeuxetincelles.com\/wp-content\/uploads\/2025\/09\/ChatGPT-Image-17-sept.-2025-18_50_00-300x300.png 300w, https:\/\/lesdeuxetincelles.com\/wp-content\/uploads\/2025\/09\/ChatGPT-Image-17-sept.-2025-18_50_00-150x150.png 150w, https:\/\/lesdeuxetincelles.com\/wp-content\/uploads\/2025\/09\/ChatGPT-Image-17-sept.-2025-18_50_00-768x768.png 768w\" sizes=\"auto, (max-width: 1024px) 100vw, 1024px\" \/><\/figure>\n\n\n\n<div style=\"height:24px\" aria-hidden=\"true\" class=\"wp-block-spacer\"><\/div>\n\n\n\n<p class=\"has-text-align-left has-neve-text-color-color has-text-color\">&#8220;Nous faisons appel \u00e0 eux pour le nettoyage de nos bureaux chaque semaine. Travail toujours irr\u00e9prochable.&#8221;<\/p>\n\n\n\n<p class=\"has-neve-text-color-color has-text-color\"><strong>Entreprise locale<\/strong><\/p>\n\n\n\n<div style=\"height:20px\" aria-hidden=\"true\" class=\"wp-block-spacer\"><\/div>\n<\/div>\n\n\n\n<div class=\"wp-block-column ticss-a5b4df29 is-layout-flow wp-block-column-is-layout-flow\">\n<figure class=\"wp-block-image size-large is-resized is-style-rounded\"><img loading=\"lazy\" decoding=\"async\" width=\"683\" height=\"683\" src=\"https:\/\/lesdeuxetincelles.com\/wp-content\/uploads\/2025\/09\/ChatGPT-Image-17-sept.-2025-18_54_51-Copie-1-edited.png\" alt=\"\" class=\"wp-image-390\" style=\"width:80px;height:80px\" srcset=\"https:\/\/lesdeuxetincelles.com\/wp-content\/uploads\/2025\/09\/ChatGPT-Image-17-sept.-2025-18_54_51-Copie-1-edited.png 683w, https:\/\/lesdeuxetincelles.com\/wp-content\/uploads\/2025\/09\/ChatGPT-Image-17-sept.-2025-18_54_51-Copie-1-edited-300x300.png 300w, https:\/\/lesdeuxetincelles.com\/wp-content\/uploads\/2025\/09\/ChatGPT-Image-17-sept.-2025-18_54_51-Copie-1-edited-150x150.png 150w\" sizes=\"auto, (max-width: 683px) 100vw, 683px\" \/><\/figure>\n\n\n\n<div style=\"height:24px\" aria-hidden=\"true\" class=\"wp-block-spacer\"><\/div>\n\n\n\n<p class=\"has-text-align-left has-neve-text-color-color has-text-color\">&#8220;Un service abordable et de qualit\u00e9. Ils sont flexibles et s\u2019adaptent \u00e0 mes besoins, je recommande fortement !&#8221;<\/p>\n\n\n\n<p class=\"has-neve-text-color-color has-text-color\"><strong>Sophie Gagnon<\/strong><\/p>\n\n\n\n<div style=\"height:20px\" aria-hidden=\"true\" class=\"wp-block-spacer\"><\/div>\n<\/div>\n<\/div>\n\n\n\n<div style=\"height:30px\" aria-hidden=\"true\" class=\"wp-block-spacer\"><\/div>\n<\/div><\/div>\n\n\n\n<div class=\"wp-block-cover alignfull is-light\" style=\"min-height:300px;aspect-ratio:unset;\"><img loading=\"lazy\" decoding=\"async\" width=\"1536\" height=\"1024\" class=\"wp-block-cover__image-background wp-image-397 size-full\" alt=\"\" src=\"http:\/\/lesdeuxetincelles.com\/wp-content\/uploads\/2025\/09\/ChatGPT-Image-17-sept.-2025-19_05_11-3.png\" data-object-fit=\"cover\" srcset=\"https:\/\/lesdeuxetincelles.com\/wp-content\/uploads\/2025\/09\/ChatGPT-Image-17-sept.-2025-19_05_11-3.png 1536w, https:\/\/lesdeuxetincelles.com\/wp-content\/uploads\/2025\/09\/ChatGPT-Image-17-sept.-2025-19_05_11-3-300x200.png 300w\" sizes=\"auto, (max-width: 1536px) 100vw, 1536px\" \/><span aria-hidden=\"true\" class=\"wp-block-cover__background has-nv-dark-bg-background-color has-background-dim-30 has-background-dim\"><\/span><div class=\"wp-block-cover__inner-container is-layout-flow wp-block-cover-is-layout-flow\">\n<h2 class=\"wp-block-heading has-text-align-center has-nv-text-dark-bg-color has-text-color\">Besoin d\u2019un m\u00e9nage impeccable ? On s\u2019occupe de tout !<\/h2>\n\n\n\n<p class=\"has-text-align-center\">Profitez de votre temps, on s\u2019occupe du m\u00e9nage.<\/p>\n\n\n\n<div class=\"wp-block-buttons is-horizontal is-content-justification-center is-layout-flex wp-container-core-buttons-is-layout-499968f5 wp-block-buttons-is-layout-flex\">\n<div class=\"wp-block-button is-style-primary\"><a class=\"wp-block-button__link wp-element-button\" href=\"https:\/\/lesdeuxetincelles.com\/index.php\/contact\/\">Demander un devis gratuit<\/a><\/div>\n<\/div>\n<\/div><\/div>\n\n\n\n<p><\/p>\n","protected":false},"excerpt":{"rendered":"<p>Fiabilit\u00e9 garantie Nos \u00e9quipes respectent vos horaires et vos attentes. Vous pouvez compter sur un service ponctuel et constant. Nettoyage complet et professionnel Que ce soit pour vos bureaux ou votre maison, nous utilisons des produits efficaces et s\u00e9curitaires pour un r\u00e9sultat impeccable. Prix comp\u00e9titifs et transparents Pas de mauvaises surprises : nous offrons des&hellip;&nbsp;<a href=\"https:\/\/lesdeuxetincelles.com\/\" rel=\"bookmark\"><span class=\"screen-reader-text\">Accueil<\/span><\/a><\/p>\n","protected":false},"author":1,"featured_media":0,"parent":0,"menu_order":0,"comment_status":"closed","ping_status":"closed","template":"","meta":{"neve_meta_sidebar":"default","neve_meta_container":"default","neve_meta_enable_content_width":"on","neve_meta_content_width":100,"neve_meta_title_alignment":"","neve_meta_author_avatar":"","neve_post_elements_order":"","neve_meta_disable_header":"","neve_meta_disable_footer":"","neve_meta_disable_title":"on","_themeisle_gutenberg_block_has_review":false,"footnotes":""},"class_list":["post-309","page","type-page","status-publish","hentry"],"_links":{"self":[{"href":"https:\/\/lesdeuxetincelles.com\/index.php\/wp-json\/wp\/v2\/pages\/309","targetHints":{"allow":["GET"]}}],"collection":[{"href":"https:\/\/lesdeuxetincelles.com\/index.php\/wp-json\/wp\/v2\/pages"}],"about":[{"href":"https:\/\/lesdeuxetincelles.com\/index.php\/wp-json\/wp\/v2\/types\/page"}],"author":[{"embeddable":true,"href":"https:\/\/lesdeuxetincelles.com\/index.php\/wp-json\/wp\/v2\/users\/1"}],"replies":[{"embeddable":true,"href":"https:\/\/lesdeuxetincelles.com\/index.php\/wp-json\/wp\/v2\/comments?post=309"}],"version-history":[{"count":22,"href":"https:\/\/lesdeuxetincelles.com\/index.php\/wp-json\/wp\/v2\/pages\/309\/revisions"}],"predecessor-version":[{"id":495,"href":"https:\/\/lesdeuxetincelles.com\/index.php\/wp-json\/wp\/v2\/pages\/309\/revisions\/495"}],"wp:attachment":[{"href":"https:\/\/lesdeuxetincelles.com\/index.php\/wp-json\/wp\/v2\/media?parent=309"}],"curies":[{"name":"wp","href":"https:\/\/api.w.org\/{rel}","templated":true}]}}